{"id":174,"date":"2023-09-26T12:30:06","date_gmt":"2023-09-26T15:30:06","guid":{"rendered":"https:\/\/imaoscip.org\/?page_id=174"},"modified":"2023-09-26T12:42:11","modified_gmt":"2023-09-26T15:42:11","slug":"desenvolvimento-industrial","status":"publish","type":"page","link":"https:\/\/imaoscip.org\/?page_id=174","title":{"rendered":"Desenvolvimento Industrial"},"content":{"rendered":"\t\t<div data-elementor-type=\"wp-page\" data-elementor-id=\"174\" class=\"elementor elementor-174\" data-elementor-post-type=\"page\">\n\t\t\t\t<div class=\"elementor-element elementor-element-68cd6f1 e-flex e-con-boxed e-con e-parent\" data-id=\"68cd6f1\" data-element_type=\"container\" data-e-type=\"container\">\n\t\t\t\t\t<div class=\"e-con-inner\">\n\t\t\t\t<div class=\"elementor-element elementor-element-0bdf50b elementor-widget elementor-widget-spacer\" data-id=\"0bdf50b\" data-element_type=\"widget\" data-e-type=\"widget\" data-widget_type=\"spacer.default\">\n\t\t\t\t<div class=\"elementor-widget-container\">\n\t\t\t\t\t\t\t<div class=\"elementor-spacer\">\n\t\t\t<div class=\"elementor-spacer-inner\"><\/div>\n\t\t<\/div>\n\t\t\t\t\t\t<\/div>\n\t\t\t\t<\/div>\n\t\t\t\t\t<\/div>\n\t\t\t\t<\/div>\n\t\t<div class=\"elementor-element elementor-element-73bc3d5 e-flex e-con-boxed e-con e-parent\" data-id=\"73bc3d5\" data-element_type=\"container\" data-e-type=\"container\">\n\t\t\t\t\t<div class=\"e-con-inner\">\n\t\t\t\t<div class=\"elementor-element elementor-element-3b14c78 elementor-widget elementor-widget-heading\" data-id=\"3b14c78\" data-element_type=\"widget\" data-e-type=\"widget\" data-widget_type=\"heading.default\">\n\t\t\t\t<div class=\"elementor-widget-container\">\n\t\t\t\t\t<h2 class=\"elementor-heading-title elementor-size-default\">Desenvolvimento Industrial<\/h2>\t\t\t\t<\/div>\n\t\t\t\t<\/div>\n\t\t\t\t\t<\/div>\n\t\t\t\t<\/div>\n\t\t<div class=\"elementor-element elementor-element-7968944 e-flex e-con-boxed e-con e-parent\" data-id=\"7968944\" data-element_type=\"container\" data-e-type=\"container\">\n\t\t\t\t\t<div class=\"e-con-inner\">\n\t\t\t\t<div class=\"elementor-element elementor-element-f594980 elementor-widget elementor-widget-text-editor\" data-id=\"f594980\" data-element_type=\"widget\" data-e-type=\"widget\" data-widget_type=\"text-editor.default\">\n\t\t\t\t<div class=\"elementor-widget-container\">\n\t\t\t\t\t\t\t\t\t<p>Buscar a evolu\u00e7\u00e3o das ind\u00fastrias brasileiras, implementando novas tecnologias e fomentando as exporta\u00e7\u00f5es de servi\u00e7os e produtos industrializados.<\/p><p>Por isso, investir no aprimoramento industrial, na capacidade de expans\u00e3o do pa\u00eds\u00a0 como produtor e exportador de manufaturados \u00e9 um dos alvos de estudos do Instituto Mercadol\u00f3gico das Am\u00e9ricas (IMA), assim como o tratamento de res\u00edduos s\u00f3lidos em centros urbanos.<\/p><p>A capacita\u00e7\u00e3o de profissionais para a extra\u00e7\u00e3o racional e planejada de produtos genu\u00ednos,\u00a0 envolvem o\u00a0 conhecimento de t\u00e9cnicas espec\u00edficas para cada setor. No caso de produtos amaz\u00f4nicos: a sustentabilidade e o manejo, no exemplo\u00a0 do petr\u00f3leo: o treinamento e a forma\u00e7\u00e3o de novos postos de trabalho.<\/p><p>O IMA re\u00fane todos os vetores necess\u00e1rios para acessar estrategicamente mercados em todo o planeta, atrav\u00e9s de:<\/p><ul><li>Estudo da Din\u00e2mica e Comportamento do Mercado-Alvo;<\/li><li>Elabora\u00e7\u00e3o de um Planejamento Estrat\u00e9gico de Acesso ao Mercado;<\/li><li>Elabora\u00e7\u00e3o de um Plano T\u00e1tico e Operacional;<\/li><li>\u00a0Capacita\u00e7\u00e3o e Treinamento de m\u00e3o-de-obra especializada;<\/li><li>\u00a0Acionamento e Amplia\u00e7\u00e3o de uma Rede de Relacionamento;<\/li><li>\u00a0Elabora\u00e7\u00e3o e Execu\u00e7\u00e3o de um Plano de Comunica\u00e7\u00e3o, identificando meios pertinentes e\/ou criando mecanismos taylor-made;<\/li><li>\u00a0Dimensionamento e Formata\u00e7\u00e3o da Estrutura de Back-Office para Execu\u00e7\u00e3o das Tarefas Ocupacionais.<\/li><li>\u00a0Atra\u00e7\u00e3o de investidores e investimentos, diretamente ou por meio de miss\u00f5es empresariais e comerciais;<\/li><li>Elabora\u00e7\u00e3o de Road Shows direcionados.<\/li><\/ul>\t\t\t\t\t\t\t\t<\/div>\n\t\t\t\t<\/div>\n\t\t\t\t\t<\/div>\n\t\t\t\t<\/div>\n\t\t<div class=\"elementor-element elementor-element-b09d7ae e-flex e-con-boxed e-con e-parent\" data-id=\"b09d7ae\" data-element_type=\"container\" data-e-type=\"container\">\n\t\t\t\t\t<div class=\"e-con-inner\">\n\t\t<div class=\"elementor-element elementor-element-65d6cd6 e-con-full e-flex e-con e-child\" data-id=\"65d6cd6\" data-element_type=\"container\" data-e-type=\"container\">\n\t\t\t\t<div class=\"elementor-element elementor-element-2f2d483 elementor-widget elementor-widget-image\" data-id=\"2f2d483\" data-element_type=\"widget\" data-e-type=\"widget\" data-widget_type=\"image.default\">\n\t\t\t\t<div class=\"elementor-widget-container\">\n\t\t\t\t\t\t\t\t\t\t\t\t\t\t\t<img fetchpriority=\"high\" decoding=\"async\" width=\"390\" height=\"261\" src=\"https:\/\/imaoscip.org\/wp-content\/uploads\/2023\/09\/capacitacao.jpg\" class=\"attachment-large size-large wp-image-186\" alt=\"\" srcset=\"https:\/\/imaoscip.org\/wp-content\/uploads\/2023\/09\/capacitacao.jpg 390w, https:\/\/imaoscip.org\/wp-content\/uploads\/2023\/09\/capacitacao-300x201.jpg 300w\" sizes=\"(max-width: 390px) 100vw, 390px\" \/>\t\t\t\t\t\t\t\t\t\t\t\t\t\t\t<\/div>\n\t\t\t\t<\/div>\n\t\t\t\t<\/div>\n\t\t<div class=\"elementor-element elementor-element-ed0a027 e-con-full e-flex e-con e-child\" data-id=\"ed0a027\" data-element_type=\"container\" data-e-type=\"container\">\n\t\t\t\t<div class=\"elementor-element elementor-element-d886295 elementor-widget elementor-widget-image\" data-id=\"d886295\" data-element_type=\"widget\" data-e-type=\"widget\" data-widget_type=\"image.default\">\n\t\t\t\t<div class=\"elementor-widget-container\">\n\t\t\t\t\t\t\t\t\t\t\t\t\t\t\t<img decoding=\"async\" width=\"390\" height=\"261\" src=\"https:\/\/imaoscip.org\/wp-content\/uploads\/2023\/09\/desenv.-industrial.jpg\" class=\"attachment-large size-large wp-image-188\" alt=\"\" srcset=\"https:\/\/imaoscip.org\/wp-content\/uploads\/2023\/09\/desenv.-industrial.jpg 390w, https:\/\/imaoscip.org\/wp-content\/uploads\/2023\/09\/desenv.-industrial-300x201.jpg 300w\" sizes=\"(max-width: 390px) 100vw, 390px\" \/>\t\t\t\t\t\t\t\t\t\t\t\t\t\t\t<\/div>\n\t\t\t\t<\/div>\n\t\t\t\t<\/div>\n\t\t\t\t\t<\/div>\n\t\t\t\t<\/div>\n\t\t<div class=\"elementor-element elementor-element-6a51e2e e-flex e-con-boxed e-con e-parent\" data-id=\"6a51e2e\" data-element_type=\"container\" data-e-type=\"container\">\n\t\t\t\t\t<div class=\"e-con-inner\">\n\t\t\t\t<div class=\"elementor-element elementor-element-46bfe58 elementor-widget elementor-widget-spacer\" data-id=\"46bfe58\" data-element_type=\"widget\" data-e-type=\"widget\" data-widget_type=\"spacer.default\">\n\t\t\t\t<div class=\"elementor-widget-container\">\n\t\t\t\t\t\t\t<div class=\"elementor-spacer\">\n\t\t\t<div class=\"elementor-spacer-inner\"><\/div>\n\t\t<\/div>\n\t\t\t\t\t\t<\/div>\n\t\t\t\t<\/div>\n\t\t\t\t\t<\/div>\n\t\t\t\t<\/div>\n\t\t\t\t<\/div>\n\t\t","protected":false},"excerpt":{"rendered":"<p>Desenvolvimento Industrial Buscar a evolu\u00e7\u00e3o das ind\u00fastrias brasileiras, implementando novas tecnologias e fomentando as exporta\u00e7\u00f5es de servi\u00e7os e produtos industrializados. Por isso, investir no aprimoramento industrial, na capacidade de expans\u00e3o do pa\u00eds\u00a0 como produtor e exportador de manufaturados \u00e9 um dos alvos de estudos do Instituto Mercadol\u00f3gico das Am\u00e9ricas (IMA), assim como o tratamento de [&hellip;]<\/p>\n","protected":false},"author":1,"featured_media":0,"parent":0,"menu_order":0,"comment_status":"closed","ping_status":"closed","template":"","meta":{"footnotes":""},"class_list":["post-174","page","type-page","status-publish","hentry"],"_links":{"self":[{"href":"https:\/\/imaoscip.org\/index.php?rest_route=\/wp\/v2\/pages\/174","targetHints":{"allow":["GET"]}}],"collection":[{"href":"https:\/\/imaoscip.org\/index.php?rest_route=\/wp\/v2\/pages"}],"about":[{"href":"https:\/\/imaoscip.org\/index.php?rest_route=\/wp\/v2\/types\/page"}],"author":[{"embeddable":true,"href":"https:\/\/imaoscip.org\/index.php?rest_route=\/wp\/v2\/users\/1"}],"replies":[{"embeddable":true,"href":"https:\/\/imaoscip.org\/index.php?rest_route=%2Fwp%2Fv2%2Fcomments&post=174"}],"version-history":[{"count":13,"href":"https:\/\/imaoscip.org\/index.php?rest_route=\/wp\/v2\/pages\/174\/revisions"}],"predecessor-version":[{"id":191,"href":"https:\/\/imaoscip.org\/index.php?rest_route=\/wp\/v2\/pages\/174\/revisions\/191"}],"wp:attachment":[{"href":"https:\/\/imaoscip.org\/index.php?rest_route=%2Fwp%2Fv2%2Fmedia&parent=174"}],"curies":[{"name":"wp","href":"https:\/\/api.w.org\/{rel}","templated":true}]}}