{"id":153,"date":"2023-09-26T12:14:21","date_gmt":"2023-09-26T15:14:21","guid":{"rendered":"https:\/\/imaoscip.org\/?page_id=153"},"modified":"2023-09-26T12:19:01","modified_gmt":"2023-09-26T15:19:01","slug":"energia","status":"publish","type":"page","link":"https:\/\/imaoscip.org\/?page_id=153","title":{"rendered":"Energia"},"content":{"rendered":"\t\t<div data-elementor-type=\"wp-page\" data-elementor-id=\"153\" class=\"elementor elementor-153\" data-elementor-post-type=\"page\">\n\t\t\t\t<div class=\"elementor-element elementor-element-65276dc e-flex e-con-boxed e-con e-parent\" data-id=\"65276dc\" data-element_type=\"container\" data-e-type=\"container\">\n\t\t\t\t\t<div class=\"e-con-inner\">\n\t\t\t\t<div class=\"elementor-element elementor-element-7f4379d elementor-widget elementor-widget-spacer\" data-id=\"7f4379d\" data-element_type=\"widget\" data-e-type=\"widget\" data-widget_type=\"spacer.default\">\n\t\t\t\t<div class=\"elementor-widget-container\">\n\t\t\t\t\t\t\t<div class=\"elementor-spacer\">\n\t\t\t<div class=\"elementor-spacer-inner\"><\/div>\n\t\t<\/div>\n\t\t\t\t\t\t<\/div>\n\t\t\t\t<\/div>\n\t\t\t\t\t<\/div>\n\t\t\t\t<\/div>\n\t\t<div class=\"elementor-element elementor-element-25714af e-flex e-con-boxed e-con e-parent\" data-id=\"25714af\" data-element_type=\"container\" data-e-type=\"container\">\n\t\t\t\t\t<div class=\"e-con-inner\">\n\t\t\t\t<div class=\"elementor-element elementor-element-0546b37 elementor-widget elementor-widget-heading\" data-id=\"0546b37\" data-element_type=\"widget\" data-e-type=\"widget\" data-widget_type=\"heading.default\">\n\t\t\t\t<div class=\"elementor-widget-container\">\n\t\t\t\t\t<h2 class=\"elementor-heading-title elementor-size-default\">Energia<\/h2>\t\t\t\t<\/div>\n\t\t\t\t<\/div>\n\t\t\t\t\t<\/div>\n\t\t\t\t<\/div>\n\t\t<div class=\"elementor-element elementor-element-7d426c0 e-flex e-con-boxed e-con e-parent\" data-id=\"7d426c0\" data-element_type=\"container\" data-e-type=\"container\">\n\t\t\t\t\t<div class=\"e-con-inner\">\n\t\t\t\t<div class=\"elementor-element elementor-element-839b63c elementor-widget elementor-widget-text-editor\" data-id=\"839b63c\" data-element_type=\"widget\" data-e-type=\"widget\" data-widget_type=\"text-editor.default\">\n\t\t\t\t<div class=\"elementor-widget-container\">\n\t\t\t\t\t\t\t\t\tO IMA analisa e trabalha sob 2 aspectos: os cen\u00e1rios com foco na pesquisa&nbsp; e os voltados\n \u00e0 demanda. O estudo e a implanta\u00e7\u00e3o de projetos t\u00e9cnicos para o setor, \nem especial energias alternativas renov\u00e1veis, faz parte de seu \nrepert\u00f3rio de a\u00e7\u00f5es.<br \/><br \/>As energias alternativas renov\u00e1veis tem&nbsp; \npotencial t\u00e9cnico para atender grande parte da demanda de energia \nmundial. H\u00e1 tr\u00eas aspectos importantes a salientar: a viabilidade \necon\u00f4mica, a sustentabilidade de cada fonte e a disponibilidade de \nrecursos renov\u00e1veis para gera\u00e7\u00e3o de energia, que variam entre as \ndiferentes regi\u00f5es do Brasil e do planeta.\n\nA regi\u00e3o tropical \nbrasileira possui forte incid\u00eancia de radia\u00e7\u00e3o solar, enquanto as \u00e1reas \ncosteiras apresentam maior potencial e\u00f3lico. O lixo est\u00e1 dispon\u00edvel em \nqualquer lugar e tanto seu volume quanto o grau de concentra\u00e7\u00e3o aumentam\n com a urbaniza\u00e7\u00e3o, resultando em excelente fonte energ\u00e9tica para&nbsp; \ngrandes centros urbanos. <br \/><br \/>Cabe agora, utilizarmos com propriedade, as diversas op\u00e7\u00f5es que possu\u00edmos.\t\t\t\t\t\t\t\t<\/div>\n\t\t\t\t<\/div>\n\t\t\t\t<div class=\"elementor-element elementor-element-e752b95 elementor-widget elementor-widget-image\" data-id=\"e752b95\" data-element_type=\"widget\" data-e-type=\"widget\" data-widget_type=\"image.default\">\n\t\t\t\t<div class=\"elementor-widget-container\">\n\t\t\t\t\t\t\t\t\t\t\t\t\t\t\t<img fetchpriority=\"high\" decoding=\"async\" width=\"390\" height=\"261\" src=\"https:\/\/imaoscip.org\/wp-content\/uploads\/2023\/09\/solar.jpg\" class=\"attachment-full size-full wp-image-158\" alt=\"\" srcset=\"https:\/\/imaoscip.org\/wp-content\/uploads\/2023\/09\/solar.jpg 390w, https:\/\/imaoscip.org\/wp-content\/uploads\/2023\/09\/solar-300x201.jpg 300w\" sizes=\"(max-width: 390px) 100vw, 390px\" \/>\t\t\t\t\t\t\t\t\t\t\t\t\t\t\t<\/div>\n\t\t\t\t<\/div>\n\t\t\t\t\t<\/div>\n\t\t\t\t<\/div>\n\t\t<div class=\"elementor-element elementor-element-f50ae66 e-flex e-con-boxed e-con e-parent\" data-id=\"f50ae66\" data-element_type=\"container\" data-e-type=\"container\">\n\t\t\t\t\t<div class=\"e-con-inner\">\n\t\t\t\t<div class=\"elementor-element elementor-element-be9b231 elementor-widget elementor-widget-spacer\" data-id=\"be9b231\" data-element_type=\"widget\" data-e-type=\"widget\" data-widget_type=\"spacer.default\">\n\t\t\t\t<div class=\"elementor-widget-container\">\n\t\t\t\t\t\t\t<div class=\"elementor-spacer\">\n\t\t\t<div class=\"elementor-spacer-inner\"><\/div>\n\t\t<\/div>\n\t\t\t\t\t\t<\/div>\n\t\t\t\t<\/div>\n\t\t\t\t\t<\/div>\n\t\t\t\t<\/div>\n\t\t\t\t<\/div>\n\t\t","protected":false},"excerpt":{"rendered":"<p>Energia O IMA analisa e trabalha sob 2 aspectos: os cen\u00e1rios com foco na pesquisa&nbsp; e os voltados \u00e0 demanda. O estudo e a implanta\u00e7\u00e3o de projetos t\u00e9cnicos para o setor, em especial energias alternativas renov\u00e1veis, faz parte de seu repert\u00f3rio de a\u00e7\u00f5es. As energias alternativas renov\u00e1veis tem&nbsp; potencial t\u00e9cnico para atender grande parte da [&hellip;]<\/p>\n","protected":false},"author":1,"featured_media":0,"parent":0,"menu_order":0,"comment_status":"closed","ping_status":"closed","template":"","meta":{"footnotes":""},"class_list":["post-153","page","type-page","status-publish","hentry"],"_links":{"self":[{"href":"https:\/\/imaoscip.org\/index.php?rest_route=\/wp\/v2\/pages\/153","targetHints":{"allow":["GET"]}}],"collection":[{"href":"https:\/\/imaoscip.org\/index.php?rest_route=\/wp\/v2\/pages"}],"about":[{"href":"https:\/\/imaoscip.org\/index.php?rest_route=\/wp\/v2\/types\/page"}],"author":[{"embeddable":true,"href":"https:\/\/imaoscip.org\/index.php?rest_route=\/wp\/v2\/users\/1"}],"replies":[{"embeddable":true,"href":"https:\/\/imaoscip.org\/index.php?rest_route=%2Fwp%2Fv2%2Fcomments&post=153"}],"version-history":[{"count":7,"href":"https:\/\/imaoscip.org\/index.php?rest_route=\/wp\/v2\/pages\/153\/revisions"}],"predecessor-version":[{"id":161,"href":"https:\/\/imaoscip.org\/index.php?rest_route=\/wp\/v2\/pages\/153\/revisions\/161"}],"wp:attachment":[{"href":"https:\/\/imaoscip.org\/index.php?rest_route=%2Fwp%2Fv2%2Fmedia&parent=153"}],"curies":[{"name":"wp","href":"https:\/\/api.w.org\/{rel}","templated":true}]}}