{"id":141,"date":"2023-09-26T12:05:44","date_gmt":"2023-09-26T15:05:44","guid":{"rendered":"https:\/\/imaoscip.org\/?page_id=141"},"modified":"2023-11-08T07:52:01","modified_gmt":"2023-11-08T10:52:01","slug":"missao","status":"publish","type":"page","link":"https:\/\/imaoscip.org\/?page_id=141","title":{"rendered":"Miss\u00e3o"},"content":{"rendered":"\t\t<div data-elementor-type=\"wp-page\" data-elementor-id=\"141\" class=\"elementor elementor-141\" data-elementor-post-type=\"page\">\n\t\t\t\t<div class=\"elementor-element elementor-element-0cc8a67 e-flex e-con-boxed e-con e-parent\" data-id=\"0cc8a67\" data-element_type=\"container\" data-e-type=\"container\">\n\t\t\t\t\t<div class=\"e-con-inner\">\n\t\t\t\t<div class=\"elementor-element elementor-element-0f8f505 elementor-widget elementor-widget-spacer\" data-id=\"0f8f505\" data-element_type=\"widget\" data-e-type=\"widget\" data-widget_type=\"spacer.default\">\n\t\t\t\t<div class=\"elementor-widget-container\">\n\t\t\t\t\t\t\t<div class=\"elementor-spacer\">\n\t\t\t<div class=\"elementor-spacer-inner\"><\/div>\n\t\t<\/div>\n\t\t\t\t\t\t<\/div>\n\t\t\t\t<\/div>\n\t\t\t\t<div class=\"elementor-element elementor-element-6689db6 elementor-widget elementor-widget-heading\" data-id=\"6689db6\" data-element_type=\"widget\" data-e-type=\"widget\" data-widget_type=\"heading.default\">\n\t\t\t\t<div class=\"elementor-widget-container\">\n\t\t\t\t\t<h2 class=\"elementor-heading-title elementor-size-default\">Miss\u00e3o<\/h2>\t\t\t\t<\/div>\n\t\t\t\t<\/div>\n\t\t\t\t<div class=\"elementor-element elementor-element-c3cd8a9 elementor-widget elementor-widget-text-editor\" data-id=\"c3cd8a9\" data-element_type=\"widget\" data-e-type=\"widget\" data-widget_type=\"text-editor.default\">\n\t\t\t\t<div class=\"elementor-widget-container\">\n\t\t\t\t\t\t\t\t\t<p>No desenvolvimento de suas atividades, o IMA trabalha sob a \u00e9gide do conhecimento aplicado, da transpar\u00eancia e na honra no cumprimento da palavra e de seus atos.<\/p><p>Busca a excel\u00eancia de seus servi\u00e7os no planejamento e organiza\u00e7\u00e3o de suas atividades.<\/p><p>Objetiva sempre o desenvolvimento social e econ\u00f4mico do cidad\u00e3o e da sociedade, assim como a promo\u00e7\u00e3o dos produtos e servi\u00e7os\u00a0brasileiros.<\/p>\t\t\t\t\t\t\t\t<\/div>\n\t\t\t\t<\/div>\n\t\t\t\t<div class=\"elementor-element elementor-element-3e98a0e elementor-widget elementor-widget-spacer\" data-id=\"3e98a0e\" data-element_type=\"widget\" data-e-type=\"widget\" data-widget_type=\"spacer.default\">\n\t\t\t\t<div class=\"elementor-widget-container\">\n\t\t\t\t\t\t\t<div class=\"elementor-spacer\">\n\t\t\t<div class=\"elementor-spacer-inner\"><\/div>\n\t\t<\/div>\n\t\t\t\t\t\t<\/div>\n\t\t\t\t<\/div>\n\t\t\t\t\t<\/div>\n\t\t\t\t<\/div>\n\t\t\t\t<\/div>\n\t\t","protected":false},"excerpt":{"rendered":"<p>Miss\u00e3o No desenvolvimento de suas atividades, o IMA trabalha sob a \u00e9gide do conhecimento aplicado, da transpar\u00eancia e na honra no cumprimento da palavra e de seus atos. Busca a excel\u00eancia de seus servi\u00e7os no planejamento e organiza\u00e7\u00e3o de suas atividades. Objetiva sempre o desenvolvimento social e econ\u00f4mico do cidad\u00e3o e da sociedade, assim como [&hellip;]<\/p>\n","protected":false},"author":1,"featured_media":0,"parent":0,"menu_order":0,"comment_status":"closed","ping_status":"closed","template":"","meta":{"footnotes":""},"class_list":["post-141","page","type-page","status-publish","hentry"],"_links":{"self":[{"href":"https:\/\/imaoscip.org\/index.php?rest_route=\/wp\/v2\/pages\/141","targetHints":{"allow":["GET"]}}],"collection":[{"href":"https:\/\/imaoscip.org\/index.php?rest_route=\/wp\/v2\/pages"}],"about":[{"href":"https:\/\/imaoscip.org\/index.php?rest_route=\/wp\/v2\/types\/page"}],"author":[{"embeddable":true,"href":"https:\/\/imaoscip.org\/index.php?rest_route=\/wp\/v2\/users\/1"}],"replies":[{"embeddable":true,"href":"https:\/\/imaoscip.org\/index.php?rest_route=%2Fwp%2Fv2%2Fcomments&post=141"}],"version-history":[{"count":22,"href":"https:\/\/imaoscip.org\/index.php?rest_route=\/wp\/v2\/pages\/141\/revisions"}],"predecessor-version":[{"id":536,"href":"https:\/\/imaoscip.org\/index.php?rest_route=\/wp\/v2\/pages\/141\/revisions\/536"}],"wp:attachment":[{"href":"https:\/\/imaoscip.org\/index.php?rest_route=%2Fwp%2Fv2%2Fmedia&parent=141"}],"curies":[{"name":"wp","href":"https:\/\/api.w.org\/{rel}","templated":true}]}}